{"id":22,"date":"2016-04-15T19:32:44","date_gmt":"2016-04-15T19:32:44","guid":{"rendered":"http:\/\/hikingbolivia.com\/?page_id=22"},"modified":"2016-04-19T01:13:59","modified_gmt":"2016-04-19T01:13:59","slug":"nosotros","status":"publish","type":"page","link":"https:\/\/hikingbolivia.com\/en\/nosotros\/","title":{"rendered":"Who we are"},"content":{"rendered":"<p><strong>HIKING BOLIVIA TOURS<\/strong> &#8211; TOUR OPERATOR legalmente establecido en Bolivia, una empresa dedicada al turismo de aventura y ecol\u00f3gico, dirigido por un equipo de profesionales en turismo y una amplia trayectoria de experiencia del \u00e1rea de turismo.<\/p>\n<p><strong>HIKING BOLIVIA TOURS<\/strong> dedicada al \u00e1rea de turismo con el prop\u00f3sito de brindar servicios de buena calidad, para satisfacer las necesidades de los clientes.<\/p>\n<p><strong>HIKING BOLIVIA TOURS<\/strong> tiene la vocaci\u00f3n de que su viaje de aventura se llene de emociones fuertes, respetando los valores culturales y naturales, que son importantes.<\/p>\n<p>Al viajar descubramos otras civilizaciones y por ello diferentes estilos de vida, considerando que las poblaciones mantienen su propia identidad cultural en el entorno de su medio ambiente natural.<\/p>\n<p>Habiendo culminado nuestros cursos en la CARRERA DE TURISMO. DE LA U. M. S. A.<\/p>\n<table border=\"0\" width=\"100%\" cellspacing=\"5\">\n<tbody>\n<tr>\n<td>\n<div align=\"center\"><strong>GERENTE GENERAL<\/strong><br \/>\nLic. MIROSLAVIA LARICO<\/div>\n<\/td>\n<td>\n<div align=\"center\"><strong>MARKETING<\/strong><br \/>\nLic. JUAN HINOJOSA<\/div>\n<\/td>\n<\/tr>\n<\/tbody>\n<\/table>\n<p align=\"center\"><strong>PREFECTURA DEL DEPARTAMENTO DE LA PAZ<\/strong><br \/>\n<strong> Certificado por la Unidad de Turismo No.- 015<\/strong><br \/>\n<strong> HIKING BOLIVIA TOURS &#8211; TOUR OPERATOR<\/strong><br \/>\n<strong> MOUNTAINEERING AND TREKKIN<\/strong><\/p>\n","protected":false},"excerpt":{"rendered":"<p>HIKING BOLIVIA TOURS &#8211; TOUR OPERATOR legalmente establecido en Bolivia, una empresa dedicada al turismo de aventura y ecol\u00f3gico, dirigido por un equipo de profesionales en turismo y una amplia trayectoria de experiencia del \u00e1rea de turismo. HIKING BOLIVIA TOURS dedicada al \u00e1rea de turismo con el prop\u00f3sito de brindar servicios de buena calidad, para&#8230;<\/p>\n","protected":false},"author":1,"featured_media":0,"parent":0,"menu_order":0,"comment_status":"closed","ping_status":"closed","template":"","meta":{"_monsterinsights_skip_tracking":false,"_monsterinsights_sitenote_active":false,"_monsterinsights_sitenote_note":"","_monsterinsights_sitenote_category":0},"yoast_head":"<!-- This site is optimized with the Yoast SEO plugin v19.8 - https:\/\/yoast.com\/wordpress\/plugins\/seo\/ -->\n<title>Who we are - Hiking Bolivia<\/title>\n<meta name=\"robots\" content=\"index, follow, max-snippet:-1, max-image-preview:large, max-video-preview:-1\" \/>\n<link rel=\"canonical\" href=\"http:\/\/hikingbolivia.com\/nosotros\/\" \/>\n<meta property=\"og:locale\" content=\"en_US\" \/>\n<meta property=\"og:type\" content=\"article\" \/>\n<meta property=\"og:title\" content=\"[:es]Nosotros[:en]Who we are[:] - Hiking Bolivia\" \/>\n<meta property=\"og:description\" content=\"HIKING BOLIVIA TOURS &#8211; TOUR OPERATOR legalmente establecido en Bolivia, una empresa dedicada al turismo de aventura y ecol\u00f3gico, dirigido por un equipo de profesionales en turismo y una amplia trayectoria de experiencia del \u00e1rea de turismo. HIKING BOLIVIA TOURS dedicada al \u00e1rea de turismo con el prop\u00f3sito de brindar servicios de buena calidad, para...\" \/>\n<meta property=\"og:url\" content=\"http:\/\/hikingbolivia.com\/nosotros\/\" \/>\n<meta property=\"og:site_name\" content=\"Hiking Bolivia\" \/>\n<meta property=\"article:publisher\" content=\"https:\/\/www.facebook.com\/hikingboliviatours\/?fref=ts\" \/>\n<meta property=\"article:modified_time\" content=\"2016-04-19T01:13:59+00:00\" \/>\n<meta name=\"twitter:card\" content=\"summary_large_image\" \/>\n<meta name=\"twitter:label1\" content=\"Est. reading time\" \/>\n\t<meta name=\"twitter:data1\" content=\"1 minute\" \/>\n<script type=\"application\/ld+json\" class=\"yoast-schema-graph\">{\"@context\":\"https:\/\/schema.org\",\"@graph\":[{\"@type\":\"WebPage\",\"@id\":\"http:\/\/hikingbolivia.com\/nosotros\/\",\"url\":\"http:\/\/hikingbolivia.com\/nosotros\/\",\"name\":\"[:es]Nosotros[:en]Who we are[:] - Hiking Bolivia\",\"isPartOf\":{\"@id\":\"https:\/\/hikingbolivia.com\/#website\"},\"datePublished\":\"2016-04-15T19:32:44+00:00\",\"dateModified\":\"2016-04-19T01:13:59+00:00\",\"breadcrumb\":{\"@id\":\"http:\/\/hikingbolivia.com\/nosotros\/#breadcrumb\"},\"inLanguage\":\"en-US\",\"potentialAction\":[{\"@type\":\"ReadAction\",\"target\":[\"http:\/\/hikingbolivia.com\/nosotros\/\"]}]},{\"@type\":\"BreadcrumbList\",\"@id\":\"http:\/\/hikingbolivia.com\/nosotros\/#breadcrumb\",\"itemListElement\":[{\"@type\":\"ListItem\",\"position\":1,\"name\":\"Portada\",\"item\":\"http:\/\/hikingbolivia.com\/en\/\"},{\"@type\":\"ListItem\",\"position\":2,\"name\":\"Nosotros\"}]},{\"@type\":\"WebSite\",\"@id\":\"https:\/\/hikingbolivia.com\/#website\",\"url\":\"https:\/\/hikingbolivia.com\/\",\"name\":\"Hiking Bolivia\",\"description\":\"Alberth Bolivia Tours\",\"publisher\":{\"@id\":\"https:\/\/hikingbolivia.com\/#organization\"},\"potentialAction\":[{\"@type\":\"SearchAction\",\"target\":{\"@type\":\"EntryPoint\",\"urlTemplate\":\"https:\/\/hikingbolivia.com\/?s={search_term_string}\"},\"query-input\":\"required name=search_term_string\"}],\"inLanguage\":\"en-US\"},{\"@type\":\"Organization\",\"@id\":\"https:\/\/hikingbolivia.com\/#organization\",\"name\":\"Hiking Bolivia Tours1\",\"url\":\"https:\/\/hikingbolivia.com\/\",\"sameAs\":[\"https:\/\/www.facebook.com\/hikingboliviatours\/?fref=ts\"],\"logo\":{\"@type\":\"ImageObject\",\"inLanguage\":\"en-US\",\"@id\":\"https:\/\/hikingbolivia.com\/#\/schema\/logo\/image\/\",\"url\":\"https:\/\/hikingbolivia.com\/wp-content\/uploads\/2020\/05\/logo-hiking.png\",\"contentUrl\":\"https:\/\/hikingbolivia.com\/wp-content\/uploads\/2020\/05\/logo-hiking.png\",\"width\":250,\"height\":236,\"caption\":\"Hiking Bolivia Tours1\"},\"image\":{\"@id\":\"https:\/\/hikingbolivia.com\/#\/schema\/logo\/image\/\"}}]}<\/script>\n<!-- \/ Yoast SEO plugin. -->","yoast_head_json":{"title":"[:es]Nosotros[:en]Who we are[:] - Hiking Bolivia","robots":{"index":"index","follow":"follow","max-snippet":"max-snippet:-1","max-image-preview":"max-image-preview:large","max-video-preview":"max-video-preview:-1"},"canonical":"http:\/\/hikingbolivia.com\/nosotros\/","og_locale":"en_US","og_type":"article","og_title":"[:es]Nosotros[:en]Who we are[:] - Hiking Bolivia","og_description":"HIKING BOLIVIA TOURS &#8211; TOUR OPERATOR legalmente establecido en Bolivia, una empresa dedicada al turismo de aventura y ecol\u00f3gico, dirigido por un equipo de profesionales en turismo y una amplia trayectoria de experiencia del \u00e1rea de turismo. HIKING BOLIVIA TOURS dedicada al \u00e1rea de turismo con el prop\u00f3sito de brindar servicios de buena calidad, para...","og_url":"http:\/\/hikingbolivia.com\/nosotros\/","og_site_name":"Hiking Bolivia","article_publisher":"https:\/\/www.facebook.com\/hikingboliviatours\/?fref=ts","article_modified_time":"2016-04-19T01:13:59+00:00","twitter_card":"summary_large_image","twitter_misc":{"Est. reading time":"1 minute"},"schema":{"@context":"https:\/\/schema.org","@graph":[{"@type":"WebPage","@id":"http:\/\/hikingbolivia.com\/nosotros\/","url":"http:\/\/hikingbolivia.com\/nosotros\/","name":"[:es]Nosotros[:en]Who we are[:] - Hiking Bolivia","isPartOf":{"@id":"https:\/\/hikingbolivia.com\/#website"},"datePublished":"2016-04-15T19:32:44+00:00","dateModified":"2016-04-19T01:13:59+00:00","breadcrumb":{"@id":"http:\/\/hikingbolivia.com\/nosotros\/#breadcrumb"},"inLanguage":"en-US","potentialAction":[{"@type":"ReadAction","target":["http:\/\/hikingbolivia.com\/nosotros\/"]}]},{"@type":"BreadcrumbList","@id":"http:\/\/hikingbolivia.com\/nosotros\/#breadcrumb","itemListElement":[{"@type":"ListItem","position":1,"name":"Portada","item":"http:\/\/hikingbolivia.com\/en\/"},{"@type":"ListItem","position":2,"name":"Nosotros"}]},{"@type":"WebSite","@id":"https:\/\/hikingbolivia.com\/#website","url":"https:\/\/hikingbolivia.com\/","name":"Hiking Bolivia","description":"Alberth Bolivia Tours","publisher":{"@id":"https:\/\/hikingbolivia.com\/#organization"},"potentialAction":[{"@type":"SearchAction","target":{"@type":"EntryPoint","urlTemplate":"https:\/\/hikingbolivia.com\/?s={search_term_string}"},"query-input":"required name=search_term_string"}],"inLanguage":"en-US"},{"@type":"Organization","@id":"https:\/\/hikingbolivia.com\/#organization","name":"Hiking Bolivia Tours1","url":"https:\/\/hikingbolivia.com\/","sameAs":["https:\/\/www.facebook.com\/hikingboliviatours\/?fref=ts"],"logo":{"@type":"ImageObject","inLanguage":"en-US","@id":"https:\/\/hikingbolivia.com\/#\/schema\/logo\/image\/","url":"https:\/\/hikingbolivia.com\/wp-content\/uploads\/2020\/05\/logo-hiking.png","contentUrl":"https:\/\/hikingbolivia.com\/wp-content\/uploads\/2020\/05\/logo-hiking.png","width":250,"height":236,"caption":"Hiking Bolivia Tours1"},"image":{"@id":"https:\/\/hikingbolivia.com\/#\/schema\/logo\/image\/"}}]}},"_links":{"self":[{"href":"https:\/\/hikingbolivia.com\/en\/wp-json\/wp\/v2\/pages\/22"}],"collection":[{"href":"https:\/\/hikingbolivia.com\/en\/wp-json\/wp\/v2\/pages"}],"about":[{"href":"https:\/\/hikingbolivia.com\/en\/wp-json\/wp\/v2\/types\/page"}],"author":[{"embeddable":true,"href":"https:\/\/hikingbolivia.com\/en\/wp-json\/wp\/v2\/users\/1"}],"replies":[{"embeddable":true,"href":"https:\/\/hikingbolivia.com\/en\/wp-json\/wp\/v2\/comments?post=22"}],"version-history":[{"count":1,"href":"https:\/\/hikingbolivia.com\/en\/wp-json\/wp\/v2\/pages\/22\/revisions"}],"predecessor-version":[{"id":23,"href":"https:\/\/hikingbolivia.com\/en\/wp-json\/wp\/v2\/pages\/22\/revisions\/23"}],"wp:attachment":[{"href":"https:\/\/hikingbolivia.com\/en\/wp-json\/wp\/v2\/media?parent=22"}],"curies":[{"name":"wp","href":"https:\/\/api.w.org\/{rel}","templated":true}]}}